{"id":4185,"date":"2022-07-20T16:15:40","date_gmt":"2022-07-20T14:15:40","guid":{"rendered":"https:\/\/naider.com\/?page_id=4185"},"modified":"2025-01-15T13:35:56","modified_gmt":"2025-01-15T12:35:56","slug":"legal-notice","status":"publish","type":"page","link":"https:\/\/naider.com\/en\/legal-notice\/","title":{"rendered":"Legal Notice"},"content":{"rendered":"<style>.kb-row-layout-id4185_f8e8e4-c4 > .kt-row-column-wrap{align-content:start;}:where(.kb-row-layout-id4185_f8e8e4-c4 > .kt-row-column-wrap) > .wp-block-kadence-column{justify-content:start;}.kb-row-layout-id4185_f8e8e4-c4 > .kt-row-column-wrap{column-gap:80px;row-gap:var(--global-kb-gap-md, 2rem);max-width:1050px;margin-left:auto;margin-right:auto;padding-top:251px;padding-right:40px;padding-bottom:250px;padding-left:40px;grid-template-columns:minmax(0, 1fr);}.kb-row-layout-id4185_f8e8e4-c4 > .kt-row-layout-overlay{opacity:0.30;}@media all and (max-width: 1024px){.kb-row-layout-id4185_f8e8e4-c4 > .kt-row-column-wrap{grid-template-columns:minmax(0, 1fr);}}@media all and (max-width: 767px){.kb-row-layout-id4185_f8e8e4-c4 > .kt-row-column-wrap{padding-top:250px;padding-right:20px;padding-bottom:100px;padding-left:20px;grid-template-columns:minmax(0, 1fr);}}<\/style><section class=\"kb-row-layout-wrap kb-row-layout-id4185_f8e8e4-c4 alignnone wp-block-kadence-rowlayout\"><div class=\"kt-row-column-wrap kt-has-1-columns kt-row-layout-equal kt-tab-layout-inherit kt-mobile-layout-row kt-row-valign-top\">\n<style>.kadence-column4185_13baa9-86 > .kt-inside-inner-col{padding-top:0px;padding-right:0px;padding-bottom:0px;padding-left:0px;}.kadence-column4185_13baa9-86 > .kt-inside-inner-col,.kadence-column4185_13baa9-86 > .kt-inside-inner-col:before{border-top-left-radius:0px;border-top-right-radius:0px;border-bottom-right-radius:0px;border-bottom-left-radius:0px;}.kadence-column4185_13baa9-86 > .kt-inside-inner-col{column-gap:var(--global-kb-gap-sm, 1rem);}.kadence-column4185_13baa9-86 > .kt-inside-inner-col{flex-direction:column;}.kadence-column4185_13baa9-86 > .kt-inside-inner-col > .aligncenter{width:100%;}.kadence-column4185_13baa9-86 > .kt-inside-inner-col:before{opacity:0.3;}.kadence-column4185_13baa9-86{position:relative;}.kadence-column4185_13baa9-86, .kt-inside-inner-col > .kadence-column4185_13baa9-86:not(.specificity){margin-top:0px;margin-right:0px;margin-bottom:0px;margin-left:0px;}@media all and (max-width: 1024px){.kadence-column4185_13baa9-86 > .kt-inside-inner-col{flex-direction:column;justify-content:center;}}@media all and (max-width: 767px){.kadence-column4185_13baa9-86 > .kt-inside-inner-col{flex-direction:column;justify-content:center;}}<\/style>\n<div class=\"wp-block-kadence-column kadence-column4185_13baa9-86 inner-column-1\"><div class=\"kt-inside-inner-col\"><style>.wp-block-kadence-advancedheading.kt-adv-heading4185_292eda-05, .wp-block-kadence-advancedheading.kt-adv-heading4185_292eda-05[data-kb-block=\"kb-adv-heading4185_292eda-05\"]{font-style:normal;}.wp-block-kadence-advancedheading.kt-adv-heading4185_292eda-05 mark.kt-highlight, .wp-block-kadence-advancedheading.kt-adv-heading4185_292eda-05[data-kb-block=\"kb-adv-heading4185_292eda-05\"] mark.kt-highlight{font-style:normal;color:#f76a0c;-webkit-box-decoration-break:clone;box-decoration-break:clone;padding-top:0px;padding-right:0px;padding-bottom:0px;padding-left:0px;}.wp-block-kadence-advancedheading.kt-adv-heading4185_292eda-05 img.kb-inline-image, .wp-block-kadence-advancedheading.kt-adv-heading4185_292eda-05[data-kb-block=\"kb-adv-heading4185_292eda-05\"] img.kb-inline-image{width:150px;vertical-align:baseline;}<\/style>\n<h1 class=\"kt-adv-heading4185_292eda-05 hr-left wp-block-kadence-advancedheading\" data-kb-block=\"kb-adv-heading4185_292eda-05\">Legal Notice<\/h1>\n\n\n\n<p>You are in a space committed to the rights of its users and for this reason, you will have the maximum transparency and rigor about everything you need to know about this website.<br>This website strictly complies with Organic Law 3\/2018, of December 5, on the Protection of Personal Data and guarantee of digital rights (LOPDGDD). It also complies with Regulation (EU) 2016\/679 of the European Parliament and of the Council of April 27, 2016 regarding the protection of natural persons (RGPD), as well as with Law 34\/2002, of July 11, of Services of the Information Society and Electronic Commerce (LSSICE or LSSI).<br>The services and\/or products are available only to legal entities and persons who are 16 years old.<\/p>\n\n\n<style>.wp-block-kadence-advancedheading.kt-adv-heading4185_fd8099-f5, .wp-block-kadence-advancedheading.kt-adv-heading4185_fd8099-f5[data-kb-block=\"kb-adv-heading4185_fd8099-f5\"]{font-size:30px;font-style:normal;}.wp-block-kadence-advancedheading.kt-adv-heading4185_fd8099-f5 mark.kt-highlight, .wp-block-kadence-advancedheading.kt-adv-heading4185_fd8099-f5[data-kb-block=\"kb-adv-heading4185_fd8099-f5\"] mark.kt-highlight{font-style:normal;color:#f76a0c;-webkit-box-decoration-break:clone;box-decoration-break:clone;padding-top:0px;padding-right:0px;padding-bottom:0px;padding-left:0px;}.wp-block-kadence-advancedheading.kt-adv-heading4185_fd8099-f5 img.kb-inline-image, .wp-block-kadence-advancedheading.kt-adv-heading4185_fd8099-f5[data-kb-block=\"kb-adv-heading4185_fd8099-f5\"] img.kb-inline-image{width:150px;vertical-align:baseline;}<\/style>\n<h2 class=\"kt-adv-heading4185_fd8099-f5 wp-block-kadence-advancedheading has-theme-palette-1-color has-text-color\" data-kb-block=\"kb-adv-heading4185_fd8099-f5\"><br>Identifier of the company in charge of the web<\/h2>\n\n\n\n<ul class=\"wp-block-list\">\n<li><strong>Social denomination:<\/strong> NAIDER AN\u00c1LISIS Y ACCI\u00d3N SOCIO-ECON\u00d3MICA, S.L.<\/li>\n\n\n\n<li><strong>Tax number:<\/strong> B95315685<\/li>\n\n\n\n<li><strong>Email:<\/strong> naider@naider.com<\/li>\n\n\n\n<li><strong>Social office:<\/strong> Uribitarte Pasealekua 5, 48001 Bilbao<\/li>\n<\/ul>\n\n\n\n<p><strong>Are you concerned about your personal data?<\/strong><\/p>\n\n\n\n<p>Read the<a href=\"https:\/\/naider.com\/en\/privacy-policy\/\" data-type=\"page\" data-id=\"4190\"> Privacy Policy.<\/a><\/p>\n\n\n\n<p><strong>Commitments and obligations of users<\/strong><br>The user is informed, and accepts, that access to this website does not imply, in any way, the beginning of a commercial relationship with <strong>naider.com<\/strong>. In this way, the user agrees to use the website, its services and content without violating current legislation, good faith and public order.<\/p>\n\n\n\n<p>The use of the website for illegal or harmful purposes, or that, in any way, may cause damage or prevent the normal functioning of the website is prohibited. Regarding the contents of this website, it is prohibited:<\/p>\n\n\n\n<ul class=\"wp-block-list\">\n<li>Its reproduction, distribution or modification, in whole or in part, unless you have my authorization as the legitimate owner.<\/li>\n\n\n\n<li>Any violation of the rights of the provider or of me as legitimate owner.<\/li>\n\n\n\n<li>Its use for commercial or advertising purposes.<\/li>\n<\/ul>\n\n\n\n<p>When using the <strong>naider.com<\/strong> website, the user agrees not to carry out any conduct that could damage the image, interests and rights of <strong>naider.com<\/strong> or third parties, or that could damage, disable or overload the naider portal .com or that prevents, in any way, the normal use of the website.<\/p>\n\n\n\n<p>However, the user must be aware that the security measures of computer systems on the Internet are not entirely reliable and that, therefore, <strong>naider.com<\/strong> cannot guarantee the absence of malware or other elements that may cause alterations in the systems. computer (software and hardware) of the user, or in their electronic documents and files contained therein, although I put all the necessary means and appropriate security measures to avoid the presence of these harmful elements.<\/p>\n\n\n<style>.wp-block-kadence-advancedheading.kt-adv-heading4185_05fdeb-32, .wp-block-kadence-advancedheading.kt-adv-heading4185_05fdeb-32[data-kb-block=\"kb-adv-heading4185_05fdeb-32\"]{font-size:30px;font-style:normal;}.wp-block-kadence-advancedheading.kt-adv-heading4185_05fdeb-32 mark.kt-highlight, .wp-block-kadence-advancedheading.kt-adv-heading4185_05fdeb-32[data-kb-block=\"kb-adv-heading4185_05fdeb-32\"] mark.kt-highlight{font-style:normal;color:#f76a0c;-webkit-box-decoration-break:clone;box-decoration-break:clone;padding-top:0px;padding-right:0px;padding-bottom:0px;padding-left:0px;}.wp-block-kadence-advancedheading.kt-adv-heading4185_05fdeb-32 img.kb-inline-image, .wp-block-kadence-advancedheading.kt-adv-heading4185_05fdeb-32[data-kb-block=\"kb-adv-heading4185_05fdeb-32\"] img.kb-inline-image{width:150px;vertical-align:baseline;}<\/style>\n<h2 class=\"kt-adv-heading4185_05fdeb-32 wp-block-kadence-advancedheading has-theme-palette-1-color has-text-color\" data-kb-block=\"kb-adv-heading4185_05fdeb-32\"><br>Security measures<\/h2>\n\n\n\n<p>The personal data communicated by the user to <strong>naider.com<\/strong> may be stored in automated databases or not, whose ownership corresponds exclusively to <strong>naider.com<\/strong>, who assumes all technical, organizational and security measures that guarantee confidentiality, integrity and quality of the information contained therein in accordance with the provisions of current regulations on data protection.<\/p>\n\n\n\n<p>Communication between users and <strong>naider.com<\/strong> uses a secure channel, and the data transmitted is encrypted thanks to https protocols, therefore, I guarantee the best security conditions so that user confidentiality is guaranteed.<\/p>\n\n\n<style>.wp-block-kadence-advancedheading.kt-adv-heading4185_cec00c-a3, .wp-block-kadence-advancedheading.kt-adv-heading4185_cec00c-a3[data-kb-block=\"kb-adv-heading4185_cec00c-a3\"]{font-size:30px;font-style:normal;}.wp-block-kadence-advancedheading.kt-adv-heading4185_cec00c-a3 mark.kt-highlight, .wp-block-kadence-advancedheading.kt-adv-heading4185_cec00c-a3[data-kb-block=\"kb-adv-heading4185_cec00c-a3\"] mark.kt-highlight{font-style:normal;color:#f76a0c;-webkit-box-decoration-break:clone;box-decoration-break:clone;padding-top:0px;padding-right:0px;padding-bottom:0px;padding-left:0px;}.wp-block-kadence-advancedheading.kt-adv-heading4185_cec00c-a3 img.kb-inline-image, .wp-block-kadence-advancedheading.kt-adv-heading4185_cec00c-a3[data-kb-block=\"kb-adv-heading4185_cec00c-a3\"] img.kb-inline-image{width:150px;vertical-align:baseline;}<\/style>\n<h2 class=\"kt-adv-heading4185_cec00c-a3 wp-block-kadence-advancedheading has-theme-palette-1-color has-text-color\" data-kb-block=\"kb-adv-heading4185_cec00c-a3\"><br>Conflict resolution platform<\/h2>\n\n\n\n<p><br>I also make available to users the dispute resolution platform provided by the European Commission and which is available at the following link: <\/p>\n\n\n\n<p><a href=\"http:\/\/ec.europa.eu\/consumers\/odr\/\" rel=\"nofollow noopener\" target=\"_blank\">http:\/\/ec.europa.eu\/consumers\/odr\/<\/a><\/p>\n\n\n\n<p><strong>Exclusion of guarantees and responsibility<\/strong><br><strong>naider.com<\/strong> does not grant any guarantee, nor is it responsible, in any case, for damages of any nature due to:<\/p>\n\n\n\n<p>\u25cf The lack of availability, maintenance and effective operation of the website, or its services and content.<br>\u25cf The existence of malware, malicious or harmful programs in the content.<br>\u25cf The illicit, negligent, fraudulent use or contrary to this Legal Notice.<br>\u25cf The lack of legality, quality, reliability, usefulness and availability of the services provided by third parties and made available to users on the website.<\/p>\n\n\n\n<p><strong>Illegal or improper use of this website.<\/strong><\/p>\n\n\n\n<p><strong>Applicable law and jurisdiction<\/strong><br>In general, the relations between <strong>naider.com<\/strong> and the users of the telematic services present on this website are subject to Spanish legislation and jurisdiction and to the courts of Bizkaia.<\/p>\n\n\n\n<p>In the event that any user has any questions about these Legal Conditions or any other comment on the naider.com portal, please contact <a href=\"mailto:info@naider.com\">info@naider.com<\/a><\/p>\n\n\n\n<p><br>The legal notice has been updated for the last time on April 1, 2021.<\/p>\n<\/div><\/div>\n\n<\/div><\/section>","protected":false},"excerpt":{"rendered":"<p>Legal Notice You are in a space committed to the rights of its users and for this reason, you will have the maximum transparency and rigor about everything you need to know about this website.This website strictly complies with Organic Law 3\/2018, of December 5, on the Protection of Personal Data and guarantee of digital&#8230;<\/p>\n","protected":false},"author":1,"featured_media":0,"parent":0,"menu_order":0,"comment_status":"closed","ping_status":"open","template":"","meta":{"_kad_blocks_custom_css":"","_kad_blocks_head_custom_js":"","_kad_blocks_body_custom_js":"","_kad_blocks_footer_custom_js":"","_kad_post_transparent":"","_kad_post_title":"","_kad_post_layout":"","_kad_post_sidebar_id":"","_kad_post_content_style":"","_kad_post_vertical_padding":"","_kad_post_feature":"","_kad_post_feature_position":"","_kad_post_header":false,"_kad_post_footer":false,"_kad_post_classname":"","footnotes":""},"class_list":["post-4185","page","type-page","status-publish","hentry"],"taxonomy_info":[],"featured_image_src_large":false,"author_info":{"display_name":"Naider","author_link":"https:\/\/naider.com\/en\/author\/sirope-naid3r\/"},"comment_info":0,"_links":{"self":[{"href":"https:\/\/naider.com\/en\/wp-json\/wp\/v2\/pages\/4185","targetHints":{"allow":["GET"]}}],"collection":[{"href":"https:\/\/naider.com\/en\/wp-json\/wp\/v2\/pages"}],"about":[{"href":"https:\/\/naider.com\/en\/wp-json\/wp\/v2\/types\/page"}],"author":[{"embeddable":true,"href":"https:\/\/naider.com\/en\/wp-json\/wp\/v2\/users\/1"}],"replies":[{"embeddable":true,"href":"https:\/\/naider.com\/en\/wp-json\/wp\/v2\/comments?post=4185"}],"version-history":[{"count":1,"href":"https:\/\/naider.com\/en\/wp-json\/wp\/v2\/pages\/4185\/revisions"}],"predecessor-version":[{"id":31073,"href":"https:\/\/naider.com\/en\/wp-json\/wp\/v2\/pages\/4185\/revisions\/31073"}],"wp:attachment":[{"href":"https:\/\/naider.com\/en\/wp-json\/wp\/v2\/media?parent=4185"}],"curies":[{"name":"wp","href":"https:\/\/api.w.org\/{rel}","templated":true}]}}