{"id":4231,"date":"2022-07-20T15:21:55","date_gmt":"2022-07-20T13:21:55","guid":{"rendered":"https:\/\/naider.com\/?page_id=4231"},"modified":"2025-01-15T13:45:45","modified_gmt":"2025-01-15T12:45:45","slug":"pribatutasun-politika","status":"publish","type":"page","link":"https:\/\/naider.com\/eu\/pribatutasun-politika\/","title":{"rendered":"Pribatutasun-politika"},"content":{"rendered":"<style>.kb-row-layout-id4231_8e4b3c-2c > .kt-row-column-wrap{align-content:start;}:where(.kb-row-layout-id4231_8e4b3c-2c > .kt-row-column-wrap) > .wp-block-kadence-column{justify-content:start;}.kb-row-layout-id4231_8e4b3c-2c > .kt-row-column-wrap{column-gap:80px;row-gap:var(--global-kb-gap-md, 2rem);max-width:1050px;margin-left:auto;margin-right:auto;padding-top:251px;padding-right:40px;padding-bottom:250px;padding-left:40px;grid-template-columns:minmax(0, 1fr);}.kb-row-layout-id4231_8e4b3c-2c > .kt-row-layout-overlay{opacity:0.30;}@media all and (max-width: 1024px){.kb-row-layout-id4231_8e4b3c-2c > .kt-row-column-wrap{grid-template-columns:minmax(0, 1fr);}}@media all and (max-width: 767px){.kb-row-layout-id4231_8e4b3c-2c > .kt-row-column-wrap{padding-top:250px;padding-right:20px;padding-bottom:100px;padding-left:20px;grid-template-columns:minmax(0, 1fr);}}<\/style><section class=\"kb-row-layout-wrap kb-row-layout-id4231_8e4b3c-2c alignnone wp-block-kadence-rowlayout\"><div class=\"kt-row-column-wrap kt-has-1-columns kt-row-layout-equal kt-tab-layout-inherit kt-mobile-layout-row kt-row-valign-top\">\n<style>.kadence-column4231_52a996-c5 > .kt-inside-inner-col{padding-top:0px;padding-right:0px;padding-bottom:0px;padding-left:0px;}.kadence-column4231_52a996-c5 > .kt-inside-inner-col,.kadence-column4231_52a996-c5 > .kt-inside-inner-col:before{border-top-left-radius:0px;border-top-right-radius:0px;border-bottom-right-radius:0px;border-bottom-left-radius:0px;}.kadence-column4231_52a996-c5 > .kt-inside-inner-col{column-gap:var(--global-kb-gap-sm, 1rem);}.kadence-column4231_52a996-c5 > .kt-inside-inner-col{flex-direction:column;}.kadence-column4231_52a996-c5 > .kt-inside-inner-col > .aligncenter{width:100%;}.kadence-column4231_52a996-c5 > .kt-inside-inner-col:before{opacity:0.3;}.kadence-column4231_52a996-c5{position:relative;}.kadence-column4231_52a996-c5, .kt-inside-inner-col > .kadence-column4231_52a996-c5:not(.specificity){margin-top:0px;margin-right:0px;margin-bottom:0px;margin-left:0px;}@media all and (max-width: 1024px){.kadence-column4231_52a996-c5 > .kt-inside-inner-col{flex-direction:column;justify-content:center;}}@media all and (max-width: 767px){.kadence-column4231_52a996-c5 > .kt-inside-inner-col{flex-direction:column;justify-content:center;}}<\/style>\n<div class=\"wp-block-kadence-column kadence-column4231_52a996-c5 inner-column-1\"><div class=\"kt-inside-inner-col\"><style>.wp-block-kadence-advancedheading.kt-adv-heading4231_ee4374-8a, .wp-block-kadence-advancedheading.kt-adv-heading4231_ee4374-8a[data-kb-block=\"kb-adv-heading4231_ee4374-8a\"]{font-style:normal;}.wp-block-kadence-advancedheading.kt-adv-heading4231_ee4374-8a mark.kt-highlight, .wp-block-kadence-advancedheading.kt-adv-heading4231_ee4374-8a[data-kb-block=\"kb-adv-heading4231_ee4374-8a\"] mark.kt-highlight{font-style:normal;color:#f76a0c;-webkit-box-decoration-break:clone;box-decoration-break:clone;padding-top:0px;padding-right:0px;padding-bottom:0px;padding-left:0px;}.wp-block-kadence-advancedheading.kt-adv-heading4231_ee4374-8a img.kb-inline-image, .wp-block-kadence-advancedheading.kt-adv-heading4231_ee4374-8a[data-kb-block=\"kb-adv-heading4231_ee4374-8a\"] img.kb-inline-image{width:150px;vertical-align:baseline;}<\/style>\n<h1 class=\"kt-adv-heading4231_ee4374-8a hr-left wp-block-kadence-advancedheading\" data-kb-block=\"kb-adv-heading4231_ee4374-8a\">Pribatutasun-politika<\/h1>\n\n\n<style>.wp-block-kadence-advancedheading.kt-adv-heading4231_6504b8-e6, .wp-block-kadence-advancedheading.kt-adv-heading4231_6504b8-e6[data-kb-block=\"kb-adv-heading4231_6504b8-e6\"]{font-size:30px;font-style:normal;}.wp-block-kadence-advancedheading.kt-adv-heading4231_6504b8-e6 mark.kt-highlight, .wp-block-kadence-advancedheading.kt-adv-heading4231_6504b8-e6[data-kb-block=\"kb-adv-heading4231_6504b8-e6\"] mark.kt-highlight{font-style:normal;color:#f76a0c;-webkit-box-decoration-break:clone;box-decoration-break:clone;padding-top:0px;padding-right:0px;padding-bottom:0px;padding-left:0px;}.wp-block-kadence-advancedheading.kt-adv-heading4231_6504b8-e6 img.kb-inline-image, .wp-block-kadence-advancedheading.kt-adv-heading4231_6504b8-e6[data-kb-block=\"kb-adv-heading4231_6504b8-e6\"] img.kb-inline-image{width:150px;vertical-align:baseline;}<\/style>\n<h2 class=\"kt-adv-heading4231_6504b8-e6 wp-block-kadence-advancedheading has-theme-palette-1-color has-text-color\" data-kb-block=\"kb-adv-heading4231_6504b8-e6\">DATUEN BABESARI BURUZKO INFORMAZIO GEHIGARRIA<\/h2>\n\n\n\n<p>Zure datu pertsonalekin egiten dena eta egiten ez dena hemen aurkituko duzu.<br>Politika honek adierazten du nola tratatu eta babestuko den webgune honen bidez <strong>naider.com<\/strong>-ekin harremanetan dauden pertsona guztien informazio pertsonala. Mesedez, webgune hau erabili aurretik, Lege-oharraren, cookie-politikaren eta pribatutasun-politika honen atal guztiak irakurri behar dituzu.<br>Europako Parlamentuaren eta Kontseiluaren 2016ko apirilaren 27ko 2016\/679 EB Erregelamenduan (DBEO) eta Datu Pertsonalak Babesteari eta Eskubide Digitalak Bermatzeari buruzko abenduaren 5eko 3\/2018 Lege Organikoan (<strong>naider.com<\/strong>) xedatutakoaren arabera, jakinarazten dizugu, Pribatutasun-politika hau onartuz, baimen espresua, informatua, askea eta zalantzarik gabea ematen duzula, segurtasun-neurri jakin batzuei buruzko tratamenduak, hain zuzen ere.<\/p>\n\n\n<style>.wp-block-kadence-advancedheading.kt-adv-heading4231_d866b4-12, .wp-block-kadence-advancedheading.kt-adv-heading4231_d866b4-12[data-kb-block=\"kb-adv-heading4231_d866b4-12\"]{font-size:30px;font-style:normal;}.wp-block-kadence-advancedheading.kt-adv-heading4231_d866b4-12 mark.kt-highlight, .wp-block-kadence-advancedheading.kt-adv-heading4231_d866b4-12[data-kb-block=\"kb-adv-heading4231_d866b4-12\"] mark.kt-highlight{font-style:normal;color:#f76a0c;-webkit-box-decoration-break:clone;box-decoration-break:clone;padding-top:0px;padding-right:0px;padding-bottom:0px;padding-left:0px;}.wp-block-kadence-advancedheading.kt-adv-heading4231_d866b4-12 img.kb-inline-image, .wp-block-kadence-advancedheading.kt-adv-heading4231_d866b4-12[data-kb-block=\"kb-adv-heading4231_d866b4-12\"] img.kb-inline-image{width:150px;vertical-align:baseline;}<\/style>\n<h2 class=\"kt-adv-heading4231_d866b4-12 wp-block-kadence-advancedheading has-theme-palette-1-color has-text-color\" data-kb-block=\"kb-adv-heading4231_d866b4-12\">NOR DA WEBGUNE HONEN ARDURADUNA?<\/h2>\n\n\n\n<ul class=\"wp-block-list\">\n<li><strong>Arduradunaren nortasuna:<\/strong> Naider<\/li>\n\n\n\n<li><strong>Izen komertziala: <\/strong>Naider An\u00e1lisis y Acci\u00f3n Socio-Econ\u00f3mica, S.L.&nbsp;&nbsp;<\/li>\n\n\n\n<li><strong>IFZ\/IFK: <\/strong>B95315685<\/li>\n\n\n\n<li><strong>Helbidea:<\/strong> Uribitarte Pasealekua 5, 48001 Bilbao<\/li>\n\n\n\n<li><strong>Posta elektronikoa:<\/strong> naider@naider.com<\/li>\n\n\n\n<li><strong>Jarduera:<\/strong> Toki- eta lurralde-garapenean espezializatutako aholkularitza estrategikoa<\/li>\n<\/ul>\n\n\n<style>.wp-block-kadence-advancedheading.kt-adv-heading4231_3e1e07-e4, .wp-block-kadence-advancedheading.kt-adv-heading4231_3e1e07-e4[data-kb-block=\"kb-adv-heading4231_3e1e07-e4\"]{font-size:30px;font-style:normal;}.wp-block-kadence-advancedheading.kt-adv-heading4231_3e1e07-e4 mark.kt-highlight, .wp-block-kadence-advancedheading.kt-adv-heading4231_3e1e07-e4[data-kb-block=\"kb-adv-heading4231_3e1e07-e4\"] mark.kt-highlight{font-style:normal;color:#f76a0c;-webkit-box-decoration-break:clone;box-decoration-break:clone;padding-top:0px;padding-right:0px;padding-bottom:0px;padding-left:0px;}.wp-block-kadence-advancedheading.kt-adv-heading4231_3e1e07-e4 img.kb-inline-image, .wp-block-kadence-advancedheading.kt-adv-heading4231_3e1e07-e4[data-kb-block=\"kb-adv-heading4231_3e1e07-e4\"] img.kb-inline-image{width:150px;vertical-align:baseline;}<\/style>\n<h2 class=\"kt-adv-heading4231_3e1e07-e4 wp-block-kadence-advancedheading has-theme-palette-1-color has-text-color\" data-kb-block=\"kb-adv-heading4231_3e1e07-e4\">ZER DATU PERTSONAL JASOTZEN DIRA WEBGUNE HONETAN?<\/h2>\n\n\n\n<p>Pribatutasun-politika honetan ezarritako helburuetarako, naider.com-ek ondoren zehazten diren datu pertsonalak bildu eta tratatzen ditu. Datu horiek web honetan eskatzen dituen produktu edo zerbitzuen araberakoak izango dira:<br>Identifikazio-datuak: izena, abizenak.<br>Harremanetarako datuak: posta-helbidea, posta elektronikoa.<br>Kontratu-datuak: kontratu-eragiketen datuak, NANa, eskuratutako produktuak eta zerbitzuak, finantza-eragiketak, ordainketa-datuak.<br>Nabigazio-datuak: IP helbidea, gailuaren mota eta identifikazioa, nabigatzaile mota, webgunera sartzeko erabiltzen duen domeinua, nabigazio-datuak, Webguneko jarduera.<\/p>\n\n\n<style>.wp-block-kadence-advancedheading.kt-adv-heading4231_c78a5c-f6, .wp-block-kadence-advancedheading.kt-adv-heading4231_c78a5c-f6[data-kb-block=\"kb-adv-heading4231_c78a5c-f6\"]{font-size:30px;font-style:normal;}.wp-block-kadence-advancedheading.kt-adv-heading4231_c78a5c-f6 mark.kt-highlight, .wp-block-kadence-advancedheading.kt-adv-heading4231_c78a5c-f6[data-kb-block=\"kb-adv-heading4231_c78a5c-f6\"] mark.kt-highlight{font-style:normal;color:#f76a0c;-webkit-box-decoration-break:clone;box-decoration-break:clone;padding-top:0px;padding-right:0px;padding-bottom:0px;padding-left:0px;}.wp-block-kadence-advancedheading.kt-adv-heading4231_c78a5c-f6 img.kb-inline-image, .wp-block-kadence-advancedheading.kt-adv-heading4231_c78a5c-f6[data-kb-block=\"kb-adv-heading4231_c78a5c-f6\"] img.kb-inline-image{width:150px;vertical-align:baseline;}<\/style>\n<h2 class=\"kt-adv-heading4231_c78a5c-f6 wp-block-kadence-advancedheading has-theme-palette-1-color has-text-color\" data-kb-block=\"kb-adv-heading4231_c78a5c-f6\">ZEIN LEGE-OINARRIREKIN TRATATZEN DIRA DATU HORIEK?<\/h2>\n\n\n\n<p>Zure datu pertsonalak legezko oinarri hauekin tratatzen ditugu:<br>Zerbitzuak kontratatzeko, iragarkiak argitaratzeko eta eskatutako zerbitzuak kudeatzeko naider.com-ekin kontratua gauzatzea.<br>Erabiltzaileak harremanetarako baimena ematea, edukietarako harpidetza egitea eta merkataritza-komunikazioak bidaltzea, posta elektroniko, cookie edo mezularitza-sistema bidez.<br>Tratamenduaren arduradunaren interes legitimoa, naider.com webgunearen erabiltzaileak gure zerbitzuen erabileran abusu eta iruzurretatik babesteko.<\/p>\n\n\n<style>.wp-block-kadence-advancedheading.kt-adv-heading4231_40ca1e-95, .wp-block-kadence-advancedheading.kt-adv-heading4231_40ca1e-95[data-kb-block=\"kb-adv-heading4231_40ca1e-95\"]{font-size:30px;font-style:normal;}.wp-block-kadence-advancedheading.kt-adv-heading4231_40ca1e-95 mark.kt-highlight, .wp-block-kadence-advancedheading.kt-adv-heading4231_40ca1e-95[data-kb-block=\"kb-adv-heading4231_40ca1e-95\"] mark.kt-highlight{font-style:normal;color:#f76a0c;-webkit-box-decoration-break:clone;box-decoration-break:clone;padding-top:0px;padding-right:0px;padding-bottom:0px;padding-left:0px;}.wp-block-kadence-advancedheading.kt-adv-heading4231_40ca1e-95 img.kb-inline-image, .wp-block-kadence-advancedheading.kt-adv-heading4231_40ca1e-95[data-kb-block=\"kb-adv-heading4231_40ca1e-95\"] img.kb-inline-image{width:150px;vertical-align:baseline;}<\/style>\n<h2 class=\"kt-adv-heading4231_40ca1e-95 wp-block-kadence-advancedheading has-theme-palette-1-color has-text-color\" data-kb-block=\"kb-adv-heading4231_40ca1e-95\">ZEIN HELBURUREKIN TRATATUKO DITUGU ZURE DATUAK?<\/h2>\n\n\n\n<p>Webgune honetan formulario desberdinak daude, horietako bakoitzean, jasotzen duen informazioa honela erabiliko da:<br>Edukietara harpidetzeko formularioak: harpidetza aktibatzeko hainbat formulario daude. Emandako datuak soilik erabiliko dira newsletterra bidaltzeko eta eguneratuta mantentzeko berrikuntza eta eskaintza puntualei buruz, naider.com-eko harpidedunentzat bakarrik.<\/p>\n\n\n\n<p>Harremanetarako formularioa: kontsultetarako, iradokizunetarako edo kontaktu profesionalerako harremanetarako formularioa ere badago. Kasu horretan, helbide elektronikoa erabiliko da horiei erantzuteko eta erabiltzaileak webgunearen bidez eskatzen duen informazioa bidaltzeko.<\/p>\n\n\n\n<p>Erregistro formularioa: kasu honetan, honako datu pertsonal hauek eskatzen ditugu: izena, Emaila, gure sisteman kontu bat sortu eta funtzionaltasunak eskuratzeko aukera izan dezazun.<\/p>\n\n\n\n<p>Salmenta formularioa: naider.com kidegorako harpidetza zerbitzuaren erosketa kudeatzeko datuak ere tratatzen ditut, eskaeraren kudeaketa, ordainketa eta aukeratutako zerbitzu edo produktuaren kontratazioarekin lotutako eragiketa guztiak barne. Horren barruan sartzen dira jarraipenerako mezu elektronikoak, erantzunak, fakturak, ordainagiriak eta abar bidaltzea.<\/p>\n\n\n<style>.wp-block-kadence-advancedheading.kt-adv-heading4231_23b4e6-68, .wp-block-kadence-advancedheading.kt-adv-heading4231_23b4e6-68[data-kb-block=\"kb-adv-heading4231_23b4e6-68\"]{font-size:30px;font-style:normal;}.wp-block-kadence-advancedheading.kt-adv-heading4231_23b4e6-68 mark.kt-highlight, .wp-block-kadence-advancedheading.kt-adv-heading4231_23b4e6-68[data-kb-block=\"kb-adv-heading4231_23b4e6-68\"] mark.kt-highlight{font-style:normal;color:#f76a0c;-webkit-box-decoration-break:clone;box-decoration-break:clone;padding-top:0px;padding-right:0px;padding-bottom:0px;padding-left:0px;}.wp-block-kadence-advancedheading.kt-adv-heading4231_23b4e6-68 img.kb-inline-image, .wp-block-kadence-advancedheading.kt-adv-heading4231_23b4e6-68[data-kb-block=\"kb-adv-heading4231_23b4e6-68\"] img.kb-inline-image{width:150px;vertical-align:baseline;}<\/style>\n<h2 class=\"kt-adv-heading4231_23b4e6-68 wp-block-kadence-advancedheading has-theme-palette-1-color has-text-color\" data-kb-block=\"kb-adv-heading4231_23b4e6-68\">DATU PERTSONALAK GORDETZEKO DENBORA<\/h2>\n\n\n\n<p>Bezeroen datuak: datu pertsonalak gordetzeko epea aldatu egingo da bezeroak kontratatzen duen zerbitzuaren arabera. Nolanahi ere, beharrezkoa den gutxienekoa izango da, eta honako arte mantendu ahal izango da:<br>\u2013 4 urte: lan Arloko Arau-hausteei eta Zehapenei buruzko Legea (afiliazioari, altei, bajei, kotizazioari, soldaten ordainketari buruzko betebeharrak); 66 eta ondorengoak Zergen Lege Orokorra (kontabilitate-liburuak).<br>\u2013 5 urte: kode Zibilaren 1964. artikulua (epe berezirik gabeko ekintza pertsonalak).<br>\u2013 6 urte: Merkataritza Kodearen 30. artikulua (kontabilitate-liburuak, fakturak).<br>\u2013 10 urte: kapitalak Zuritzea eta Terrorismoa Finantzatzea Prebenitzeko Legearen 25. artikulua.<br>Harpidedunen datuak: erabiltzailea harpidetzen denetik baja ematen zaion arte.<br>Bezero izan daitezkeenen datuak: ezarritako merkataritza-harremana indarrean dagoen bitartean gordeko dira datuak, eta, amaitu ondoren, bi urtez, non eta erabiltzaileak ez duen aurretik datuak ezabatzeko eskatzen.<\/p>\n\n\n<style>.wp-block-kadence-advancedheading.kt-adv-heading4231_483cb8-1a, .wp-block-kadence-advancedheading.kt-adv-heading4231_483cb8-1a[data-kb-block=\"kb-adv-heading4231_483cb8-1a\"]{font-size:30px;font-style:normal;}.wp-block-kadence-advancedheading.kt-adv-heading4231_483cb8-1a mark.kt-highlight, .wp-block-kadence-advancedheading.kt-adv-heading4231_483cb8-1a[data-kb-block=\"kb-adv-heading4231_483cb8-1a\"] mark.kt-highlight{font-style:normal;color:#f76a0c;-webkit-box-decoration-break:clone;box-decoration-break:clone;padding-top:0px;padding-right:0px;padding-bottom:0px;padding-left:0px;}.wp-block-kadence-advancedheading.kt-adv-heading4231_483cb8-1a img.kb-inline-image, .wp-block-kadence-advancedheading.kt-adv-heading4231_483cb8-1a[data-kb-block=\"kb-adv-heading4231_483cb8-1a\"] img.kb-inline-image{width:150px;vertical-align:baseline;}<\/style>\n<h2 class=\"kt-adv-heading4231_483cb8-1a wp-block-kadence-advancedheading has-theme-palette-1-color has-text-color\" data-kb-block=\"kb-adv-heading4231_483cb8-1a\">ZEIN DIRA ZURE ESKUBIDEAK ZURE DATUEN ERABILERARI DAGOKIONEZ?<\/h2>\n\n\n\n<p>Edozein pertsonak du naider.com-en berari dagozkion datu pertsonalak tratatzen ari garen ala ez baieztatzeko eskubidea.<br>Interesdunek eskubide hauek dituzte:<br>Interesdunaren datu pertsonaletarako sarbidea eskatzea.<br>Datuak zuzentzeko edo ezabatzeko eskatzea.<br>Baliogabetzeko eskatzea.<br>Tratamendua mugatzeko eskatzea.<br>Tratamiaren aurka egitea<\/p>\n<\/div><\/div>\n\n<\/div><\/section>","protected":false},"excerpt":{"rendered":"<p>Pribatutasun-politika DATUEN BABESARI BURUZKO INFORMAZIO GEHIGARRIA Zure datu pertsonalekin egiten dena eta egiten ez dena hemen aurkituko duzu.Politika honek adierazten du nola tratatu eta babestuko den webgune honen bidez naider.com-ekin harremanetan dauden pertsona guztien informazio pertsonala. Mesedez, webgune hau erabili aurretik, Lege-oharraren, cookie-politikaren eta pribatutasun-politika honen atal guztiak irakurri behar dituzu.Europako Parlamentuaren eta Kontseiluaren 2016ko&#8230;<\/p>\n","protected":false},"author":1,"featured_media":0,"parent":0,"menu_order":0,"comment_status":"closed","ping_status":"open","template":"","meta":{"_kad_blocks_custom_css":"","_kad_blocks_head_custom_js":"","_kad_blocks_body_custom_js":"","_kad_blocks_footer_custom_js":"","_kad_post_transparent":"","_kad_post_title":"","_kad_post_layout":"","_kad_post_sidebar_id":"","_kad_post_content_style":"","_kad_post_vertical_padding":"","_kad_post_feature":"","_kad_post_feature_position":"","_kad_post_header":false,"_kad_post_footer":false,"_kad_post_classname":"","footnotes":""},"class_list":["post-4231","page","type-page","status-publish","hentry"],"taxonomy_info":[],"featured_image_src_large":false,"author_info":{"display_name":"Naider","author_link":"https:\/\/naider.com\/eu\/author\/sirope-naid3r\/"},"comment_info":0,"_links":{"self":[{"href":"https:\/\/naider.com\/eu\/wp-json\/wp\/v2\/pages\/4231","targetHints":{"allow":["GET"]}}],"collection":[{"href":"https:\/\/naider.com\/eu\/wp-json\/wp\/v2\/pages"}],"about":[{"href":"https:\/\/naider.com\/eu\/wp-json\/wp\/v2\/types\/page"}],"author":[{"embeddable":true,"href":"https:\/\/naider.com\/eu\/wp-json\/wp\/v2\/users\/1"}],"replies":[{"embeddable":true,"href":"https:\/\/naider.com\/eu\/wp-json\/wp\/v2\/comments?post=4231"}],"version-history":[{"count":1,"href":"https:\/\/naider.com\/eu\/wp-json\/wp\/v2\/pages\/4231\/revisions"}],"predecessor-version":[{"id":31076,"href":"https:\/\/naider.com\/eu\/wp-json\/wp\/v2\/pages\/4231\/revisions\/31076"}],"wp:attachment":[{"href":"https:\/\/naider.com\/eu\/wp-json\/wp\/v2\/media?parent=4231"}],"curies":[{"name":"wp","href":"https:\/\/api.w.org\/{rel}","templated":true}]}}